{"id":1531,"date":"2025-03-28T16:07:10","date_gmt":"2025-03-28T15:07:10","guid":{"rendered":"https:\/\/www.automotrizcopelec.cl\/?page_id=1531"},"modified":"2025-10-10T14:47:48","modified_gmt":"2025-10-10T12:47:48","slug":"confirma-asistencia-before-service","status":"publish","type":"page","link":"https:\/\/www.automotrizcopelec.cl\/index.php\/confirma-asistencia-before-service\/","title":{"rendered":"Confirmaci\u00f3n de AsistenciaBefore Service"},"content":{"rendered":"\t\t<div data-elementor-type=\"wp-page\" data-elementor-id=\"1531\" class=\"elementor elementor-1531\" data-elementor-post-type=\"page\">\n\t\t\t\t<div class=\"elementor-element elementor-element-2dcb73e e-flex e-con-boxed e-con e-parent\" data-id=\"2dcb73e\" data-element_type=\"container\">\n\t\t\t\t\t<div class=\"e-con-inner\">\n\t\t<div class=\"elementor-element elementor-element-b8e4f8c e-grid e-con-full e-con e-child\" data-id=\"b8e4f8c\" data-element_type=\"container\">\n\t\t<div class=\"elementor-element elementor-element-11531d9 e-con-full e-flex e-con e-child\" data-id=\"11531d9\" data-element_type=\"container\">\n\t\t\t\t<div class=\"elementor-element elementor-element-e6c7df8 elementor-widget elementor-widget-image\" data-id=\"e6c7df8\" data-element_type=\"widget\" data-widget_type=\"image.default\">\n\t\t\t\t<div class=\"elementor-widget-container\">\n\t\t\t\t\t\t\t\t\t\t\t\t\t<img fetchpriority=\"high\" decoding=\"async\" width=\"768\" height=\"1073\" src=\"https:\/\/www.automotrizcopelec.cl\/wp-content\/uploads\/2025\/10\/Confirmacion-1-768x1073.png\" class=\"attachment-medium_large size-medium_large wp-image-1960\" alt=\"\" srcset=\"https:\/\/www.automotrizcopelec.cl\/wp-content\/uploads\/2025\/10\/Confirmacion-1-768x1073.png 768w, https:\/\/www.automotrizcopelec.cl\/wp-content\/uploads\/2025\/10\/Confirmacion-1-215x300.png 215w, https:\/\/www.automotrizcopelec.cl\/wp-content\/uploads\/2025\/10\/Confirmacion-1-733x1024.png 733w, https:\/\/www.automotrizcopelec.cl\/wp-content\/uploads\/2025\/10\/Confirmacion-1-1100x1536.png 1100w, https:\/\/www.automotrizcopelec.cl\/wp-content\/uploads\/2025\/10\/Confirmacion-1-1466x2048.png 1466w, https:\/\/www.automotrizcopelec.cl\/wp-content\/uploads\/2025\/10\/Confirmacion-1.png 1601w\" sizes=\"(max-width: 768px) 100vw, 768px\" \/>\t\t\t\t\t\t\t\t\t\t\t\t\t<\/div>\n\t\t\t\t<\/div>\n\t\t\t\t<\/div>\n\t\t<div class=\"elementor-element elementor-element-72209e2 e-con-full e-flex e-con e-child\" data-id=\"72209e2\" data-element_type=\"container\">\n\t\t\t\t<div class=\"elementor-element elementor-element-6b3ac98 elementor-widget elementor-widget-heading\" data-id=\"6b3ac98\" data-element_type=\"widget\" data-widget_type=\"heading.default\">\n\t\t\t\t<div class=\"elementor-widget-container\">\n\t\t\t<h3 class=\"elementor-heading-title elementor-size-default\">Confirma tu Asistencia<\/h3>\t\t<\/div>\n\t\t\t\t<\/div>\n\t\t\t\t<div class=\"elementor-element elementor-element-3b93d4d elementor-widget elementor-widget-tp-contact-form-7\" data-id=\"3b93d4d\" data-element_type=\"widget\" data-widget_type=\"tp-contact-form-7.default\">\n\t\t\t\t<div class=\"elementor-widget-container\">\n\t\t\t<div class=\"theplus-contact-form style-1 plus-cf7-label text-center    after \" >\n<div class=\"wpcf7 no-js\" id=\"wpcf7-f1530-o1\" lang=\"es-ES\" dir=\"ltr\" data-wpcf7-id=\"1530\">\n<div class=\"screen-reader-response\"><p role=\"status\" aria-live=\"polite\" aria-atomic=\"true\"><\/p> <ul><\/ul><\/div>\n<form action=\"\/index.php\/wp-json\/wp\/v2\/pages\/1531#wpcf7-f1530-o1\" method=\"post\" class=\"wpcf7-form init\" aria-label=\"Formulario de contacto\" novalidate=\"novalidate\" data-status=\"init\">\n<div style=\"display: none;\">\n<input type=\"hidden\" name=\"_wpcf7\" value=\"1530\" \/>\n<input type=\"hidden\" name=\"_wpcf7_version\" value=\"6.0.5\" \/>\n<input type=\"hidden\" name=\"_wpcf7_locale\" value=\"es_ES\" \/>\n<input type=\"hidden\" name=\"_wpcf7_unit_tag\" value=\"wpcf7-f1530-o1\" \/>\n<input type=\"hidden\" name=\"_wpcf7_container_post\" value=\"0\" \/>\n<input type=\"hidden\" name=\"_wpcf7_posted_data_hash\" value=\"\" \/>\n<\/div>\n<p><label> Nombre (obligatorio)<br \/>\n<span class=\"wpcf7-form-control-wrap\" data-name=\"nombre\"><input size=\"40\" maxlength=\"400\" class=\"wpcf7-form-control wpcf7-text wpcf7-validates-as-required\" aria-required=\"true\" aria-invalid=\"false\" value=\"\" type=\"text\" name=\"nombre\" \/><\/span><br \/>\n<\/label><br \/>\n<label> Apellido (obligatorio)<br \/>\n<span class=\"wpcf7-form-control-wrap\" data-name=\"apellido\"><input size=\"40\" maxlength=\"400\" class=\"wpcf7-form-control wpcf7-text wpcf7-validates-as-required\" aria-required=\"true\" aria-invalid=\"false\" value=\"\" type=\"text\" name=\"apellido\" \/><\/span><br \/>\n<\/label><br \/>\n<label> RUT (obligatorio)<br \/>\n<span class=\"wpcf7-form-control-wrap rut\"><input size=\"40\" maxlength=\"9\" class=\"wpcf7-form-control wpcf7-rut wpcf7-validates-as-required wpcf7-text wpcf7-validates-as-rut wpcf7-rut-onformat wpcf7-rut-onlynumbers\" aria-required=\"true\" aria-invalid=\"false\" value=\"\" type=\"rut\" name=\"rut\" \/><\/span><br \/>\n<\/label>\n<\/p>\n<p><label> Correo electr\u00f3nico (obligatorio)<br \/>\n<span class=\"wpcf7-form-control-wrap\" data-name=\"email\"><input size=\"40\" maxlength=\"400\" class=\"wpcf7-form-control wpcf7-email wpcf7-validates-as-required wpcf7-text wpcf7-validates-as-email\" aria-required=\"true\" aria-invalid=\"false\" value=\"\" type=\"email\" name=\"email\" \/><\/span><br \/>\n<\/label>\n<\/p>\n<p><label> Tel\u00e9fono (opcional)<br \/>\n<span class=\"wpcf7-form-control-wrap\" data-name=\"telefono\"><input size=\"40\" maxlength=\"400\" class=\"wpcf7-form-control wpcf7-tel wpcf7-text wpcf7-validates-as-tel\" aria-invalid=\"false\" value=\"\" type=\"tel\" name=\"telefono\" \/><\/span><br \/>\n<\/label>\n<\/p>\n<p>\u00bfConfirmas tu asistencia?\n<\/p>\n<p><span class=\"wpcf7-form-control-wrap\" data-name=\"asistencia\"><span class=\"wpcf7-form-control wpcf7-radio\"><span class=\"wpcf7-list-item first last\"><input type=\"radio\" name=\"asistencia\" value=\"S\u00ed, asistir\u00e9\" \/><span class=\"wpcf7-list-item-label\">S\u00ed, asistir\u00e9<\/span><\/span><\/span><\/span>\n<\/p>\n<p><label> Comentarios (opcional)<br \/>\n<span class=\"wpcf7-form-control-wrap\" data-name=\"comentarios\"><textarea cols=\"40\" rows=\"10\" maxlength=\"2000\" class=\"wpcf7-form-control wpcf7-textarea\" aria-invalid=\"false\" name=\"comentarios\"><\/textarea><\/span><br \/>\n<\/label>\n<\/p>\n<div>\n\t<p><span class=\"wpcf7-form-control-wrap\" data-name=\"acceptance-1\"><span class=\"wpcf7-form-control wpcf7-acceptance optional\"><span class=\"wpcf7-list-item\"><label><input type=\"checkbox\" name=\"acceptance-1\" value=\"1\" aria-invalid=\"false\" \/><span class=\"wpcf7-list-item-label\">Autorizo de manera libre y voluntaria para que mis datos personales sean tratados y usados para ser contactado por Empresas Copelec y\/o sus filiales, su Red de Concesionarios y\/o sus Partners Financieros, para recibir m\u00e1s informaci\u00f3n asociada al veh\u00edculo e informaci\u00f3n comercial, promociones y comunicaciones de marketing a trav\u00e9s de medios electr\u00f3nicos y\/o de forma telef\u00f3nica, seg\u00fan la Pol\u00edtica de Privacidad.<\/span><\/label><\/span><\/span><\/span>\n\t<\/p>\n<\/div>\n<div>\n\t<p><span class=\"wpcf7-form-control-wrap\" data-name=\"acceptance-2\"><span class=\"wpcf7-form-control wpcf7-acceptance\"><span class=\"wpcf7-list-item\"><label><input type=\"checkbox\" name=\"acceptance-2\" value=\"1\" aria-invalid=\"false\" \/><span class=\"wpcf7-list-item-label\">Autorizo de manera libre y voluntaria a la Compa\u00f1\u00eda para que realice la recolecci\u00f3n y almacenamiento de mis datos personales recogidos mediante el presente formulario, con la finalidad de realizar una cotizaci\u00f3n.<\/span><\/label><\/span><\/span><\/span>\n\t<\/p>\n<\/div>\n<p><input class=\"wpcf7-form-control wpcf7-submit has-spinner\" type=\"submit\" value=\"Enviar Confirmaci\u00f3n\" \/>\n<\/p><div class=\"wpcf7-response-output\" aria-hidden=\"true\"><\/div>\n<\/form>\n<\/div>\n<\/div>\t\t<\/div>\n\t\t\t\t<\/div>\n\t\t\t\t<\/div>\n\t\t\t\t<\/div>\n\t\t\t\t\t<\/div>\n\t\t\t\t<\/div>\n\t\t<div class=\"elementor-element elementor-element-b0f86bd e-flex e-con-boxed e-con e-parent\" data-id=\"b0f86bd\" data-element_type=\"container\">\n\t\t\t\t\t<div class=\"e-con-inner\">\n\t\t\t\t\t<\/div>\n\t\t\t\t<\/div>\n\t\t\t\t<\/div>\n\t\t","protected":false},"excerpt":{"rendered":"<p>Confirma tu Asistencia Nombre (obligatorio) Apellido (obligatorio) RUT (obligatorio) Correo electr\u00f3nico (obligatorio) Tel\u00e9fono (opcional) \u00bfConfirmas tu asistencia? S\u00ed, asistir\u00e9 Comentarios [&hellip;]<\/p>\n","protected":false},"author":1,"featured_media":0,"parent":0,"menu_order":0,"comment_status":"closed","ping_status":"closed","template":"","meta":{"site-sidebar-layout":"no-sidebar","site-content-layout":"","ast-site-content-layout":"full-width-container","site-content-style":"default","site-sidebar-style":"default","ast-global-header-display":"","ast-banner-title-visibility":"","ast-main-header-display":"","ast-hfb-above-header-display":"","ast-hfb-below-header-display":"","ast-hfb-mobile-header-display":"","site-post-title":"disabled","ast-breadcrumbs-content":"","ast-featured-img":"disabled","footer-sml-layout":"","theme-transparent-header-meta":"","adv-header-id-meta":"","stick-header-meta":"","header-above-stick-meta":"","header-main-stick-meta":"","header-below-stick-meta":"","astra-migrate-meta-layouts":"default","ast-page-background-enabled":"default","ast-page-background-meta":{"desktop":{"background-color":"var(--ast-global-color-4)","background-image":"","background-repeat":"repeat","background-position":"center center","background-size":"auto","background-attachment":"scroll","background-type":"","background-media":"","overlay-type":"","overlay-color":"","overlay-opacity":"","overlay-gradient":""},"tablet":{"background-color":"","background-image":"","background-repeat":"repeat","background-position":"center center","background-size":"auto","background-attachment":"scroll","background-type":"","background-media":"","overlay-type":"","overlay-color":"","overlay-opacity":"","overlay-gradient":""},"mobile":{"background-color":"","background-image":"","background-repeat":"repeat","background-position":"center center","background-size":"auto","background-attachment":"scroll","background-type":"","background-media":"","overlay-type":"","overlay-color":"","overlay-opacity":"","overlay-gradient":""}},"ast-content-background-meta":{"desktop":{"background-color":"var(--ast-global-color-5)","background-image":"","background-repeat":"repeat","background-position":"center center","background-size":"auto","background-attachment":"scroll","background-type":"","background-media":"","overlay-type":"","overlay-color":"","overlay-opacity":"","overlay-gradient":""},"tablet":{"background-color":"var(--ast-global-color-5)","background-image":"","background-repeat":"repeat","background-position":"center center","background-size":"auto","background-attachment":"scroll","background-type":"","background-media":"","overlay-type":"","overlay-color":"","overlay-opacity":"","overlay-gradient":""},"mobile":{"background-color":"var(--ast-global-color-5)","background-image":"","background-repeat":"repeat","background-position":"center center","background-size":"auto","background-attachment":"scroll","background-type":"","background-media":"","overlay-type":"","overlay-color":"","overlay-opacity":"","overlay-gradient":""}},"footnotes":""},"class_list":["post-1531","page","type-page","status-publish","hentry"],"_links":{"self":[{"href":"https:\/\/www.automotrizcopelec.cl\/index.php\/wp-json\/wp\/v2\/pages\/1531","targetHints":{"allow":["GET"]}}],"collection":[{"href":"https:\/\/www.automotrizcopelec.cl\/index.php\/wp-json\/wp\/v2\/pages"}],"about":[{"href":"https:\/\/www.automotrizcopelec.cl\/index.php\/wp-json\/wp\/v2\/types\/page"}],"author":[{"embeddable":true,"href":"https:\/\/www.automotrizcopelec.cl\/index.php\/wp-json\/wp\/v2\/users\/1"}],"replies":[{"embeddable":true,"href":"https:\/\/www.automotrizcopelec.cl\/index.php\/wp-json\/wp\/v2\/comments?post=1531"}],"version-history":[{"count":47,"href":"https:\/\/www.automotrizcopelec.cl\/index.php\/wp-json\/wp\/v2\/pages\/1531\/revisions"}],"predecessor-version":[{"id":1963,"href":"https:\/\/www.automotrizcopelec.cl\/index.php\/wp-json\/wp\/v2\/pages\/1531\/revisions\/1963"}],"wp:attachment":[{"href":"https:\/\/www.automotrizcopelec.cl\/index.php\/wp-json\/wp\/v2\/media?parent=1531"}],"curies":[{"name":"wp","href":"https:\/\/api.w.org\/{rel}","templated":true}]}}