{"id":976,"date":"2024-11-04T20:01:59","date_gmt":"2024-11-04T19:01:59","guid":{"rendered":"https:\/\/www.automotrizcopelec.cl\/?page_id=976"},"modified":"2024-11-06T13:17:08","modified_gmt":"2024-11-06T12:17:08","slug":"normas-pet-friendly","status":"publish","type":"page","link":"https:\/\/www.automotrizcopelec.cl\/index.php\/normas-pet-friendly\/","title":{"rendered":"Normas Pet Friendly"},"content":{"rendered":"\t\t<div data-elementor-type=\"wp-page\" data-elementor-id=\"976\" class=\"elementor elementor-976\" data-elementor-post-type=\"page\">\n\t\t\t\t<div class=\"elementor-element elementor-element-10d3907 e-flex e-con-boxed e-con e-parent\" data-id=\"10d3907\" data-element_type=\"container\" data-settings=\"{&quot;background_background&quot;:&quot;classic&quot;,&quot;background_motion_fx_motion_fx_mouse&quot;:&quot;yes&quot;,&quot;background_motion_fx_mouseTrack_effect&quot;:&quot;yes&quot;,&quot;background_motion_fx_mouseTrack_speed&quot;:{&quot;unit&quot;:&quot;px&quot;,&quot;size&quot;:1,&quot;sizes&quot;:[]}}\">\n\t\t\t\t\t<div class=\"e-con-inner\">\n\t\t\t\t<div class=\"elementor-element elementor-element-11f45b1 elementor-widget elementor-widget-heading\" data-id=\"11f45b1\" data-element_type=\"widget\" data-widget_type=\"heading.default\">\n\t\t\t\t<div class=\"elementor-widget-container\">\n\t\t\t<h2 class=\"elementor-heading-title elementor-size-default\">Normas Pet Friendly<\/h2>\t\t<\/div>\n\t\t\t\t<\/div>\n\t\t\t\t<div class=\"elementor-element elementor-element-d631b11 elementor-widget elementor-widget-heading\" data-id=\"d631b11\" data-element_type=\"widget\" data-widget_type=\"heading.default\">\n\t\t\t\t<div class=\"elementor-widget-container\">\n\t\t\t<h5 class=\"elementor-heading-title elementor-size-default\">Inspirar momentos \u00fanicos con tu compa\u00f1ero de viaje<\/h5>\t\t<\/div>\n\t\t\t\t<\/div>\n\t\t\t\t\t<\/div>\n\t\t\t\t<\/div>\n\t\t<div class=\"elementor-element elementor-element-3dc37ef e-flex e-con-boxed e-con e-parent\" data-id=\"3dc37ef\" data-element_type=\"container\">\n\t\t\t\t\t<div class=\"e-con-inner\">\n\t\t\t\t<div class=\"elementor-element elementor-element-72b2fc4 elementor-widget elementor-widget-text-editor\" data-id=\"72b2fc4\" data-element_type=\"widget\" data-widget_type=\"text-editor.default\">\n\t\t\t\t<div class=\"elementor-widget-container\">\n\t\t\t\t\t\t\t<div class=\"title titulo-general aem-GridColumn aem-GridColumn--default--10\"><div id=\"title-0ddacbdbf4\" class=\"cmp-title\" data-cmp-data-layer=\"{&quot;title-0ddacbdbf4&quot;:{&quot;@type&quot;:&quot;core\/wcm\/components\/title\/v3\/title&quot;,&quot;repo:modifyDate&quot;:&quot;2023-02-11T00:19:40Z&quot;,&quot;dc:title&quot;:&quot;Normas Pet Friendly&quot;}}\">\u00a0<\/div><\/div><div class=\"image standard banner-click-datalayer aem-GridColumn--default--none aem-GridColumn aem-GridColumn--offset--default--0 aem-GridColumn--default--1\"><div id=\"image-e19fbebd92\" class=\"cmp-image\" data-cmp-is=\"image\" data-cmp-widths=\"320,480,600,800,1024,1200,1600\" data-cmp-src=\"\/adobe\/dynamicmedia\/deliver\/dm-aid--d01848b6-7b34-46aa-b4c6-af1f8f337f94\/icono1-petfriendly-black.png?quality=85&amp;width={width}&amp;preferwebp=true\" data-cmp-filereference=\"\/content\/dam\/indumotora\/general\/iconos\/iconos-kia-pet-friendly\/Icono1_PetFriendly_black.png\" data-cmp-data-layer=\"{&quot;image-e19fbebd92&quot;:{&quot;@type&quot;:&quot;core\/wcm\/components\/image\/v3\/image&quot;,&quot;repo:modifyDate&quot;:&quot;2023-02-11T00:20:56Z&quot;,&quot;image&quot;:{&quot;repo:id&quot;:&quot;d01848b6-7b34-46aa-b4c6-af1f8f337f94&quot;,&quot;repo:modifyDate&quot;:&quot;2023-02-09T19:34:50Z&quot;,&quot;@type&quot;:&quot;image\/png&quot;,&quot;repo:path&quot;:&quot;\/content\/dam\/indumotora\/general\/iconos\/iconos-kia-pet-friendly\/Icono1_PetFriendly_black.png&quot;,&quot;xdm:smartTags&quot;:{&quot;symbol&quot;:0.6165110468864441,&quot;data&quot;:0.5700748562812805,&quot;concept&quot;:0.597876787185669,&quot;sign&quot;:0.6446946263313293,&quot;icon&quot;:0.5536705851554871,&quot;isolated&quot;:0.5521492958068848,&quot;bright&quot;:0.5354611277580261,&quot;button&quot;:0.5210716724395752,&quot;3d&quot;:0.6449300646781921,&quot;white&quot;:0.5433868169784546,&quot;design&quot;:0.5813584327697754,&quot;vector&quot;:0.5353478193283081,&quot;text&quot;:0.5651456117630005,&quot;key&quot;:0.5228066444396973,&quot;art&quot;:0.5219059586524963,&quot;business&quot;:0.6167842149734497,&quot;neon&quot;:0.5275362730026245,&quot;black&quot;:0.6825167536735535,&quot;abstract&quot;:0.614552915096283,&quot;technology&quot;:0.5858336091041565,&quot;blue&quot;:0.6327303647994995,&quot;money&quot;:0.5236464738845825,&quot;light&quot;:0.6199400424957275,&quot;background&quot;:0.6793006658554077,&quot;illustration&quot;:0.5446219444274902}}}}\" data-cmp-hook-image=\"imageV3\">\u00a0<\/div><\/div><div class=\"text texto-general-kia aem-GridColumn aem-GridColumn--default--10\"><div id=\"text-77ae7a5b28\" class=\"cmp-text\" style=\"color: #05141f; font-size: 1em; font-weight: 400; margin: 0.75rem 0px 0px;\" data-cmp-data-layer=\"{&quot;text-77ae7a5b28&quot;:{&quot;@type&quot;:&quot;core\/wcm\/components\/text\/v2\/text&quot;,&quot;repo:modifyDate&quot;:&quot;2023-02-11T00:18:25Z&quot;,&quot;xdm:text&quot;:&quot;&lt;p&gt;A partir del 13 de Febrero de 2023, los clientes Kia podr\u00e1n ingresar y circular con sus mascotas por los espacios comunes de los Concesionarios se\u00f1alizados con el logo KiaPet.&lt;\/p&gt;\\r\\n&lt;p&gt;1. Al ingresar con su mascota a nuestros Concesionarios Pet el cliente asume los riesgos de da\u00f1os en las personas y cosas que pueda causar su mascota y todas las responsabilidades de su cuidado.&lt;\/p&gt;\\r\\n&lt;p&gt;2. Se admiten un m\u00e1ximo de 2 mascotas por cada adulto responsable&lt;\/p&gt;\\r\\n&lt;p&gt;3. Las mascotas deben portar al ingreso y durante toda su permanencia en el Concesionario Pet, collar o arn\u00e9s y correa que deber\u00e1 ser controlada en todo momento por el adulto responsable. Las mascotas no podr\u00e1n transitar libremente por el Concesionario Pet sin los elementos de sujeci\u00f3n indicados anteriormente, ello para evitar situaciones de peligro o incomodidad para los dem\u00e1s clientes o para la propia mascota. Las mascotas tampoco podr\u00e1n ser atadas a ning\u00fan objeto dentro del Concesionario Pet.&lt;\/p&gt;\\r\\n&lt;p&gt;4. Cada Concesionario Pet se reserva el derecho de admisi\u00f3n de mascotas para resguardar la seguridad de todas las personas del local. De presentarse alg\u00fan caso que comprometa la seguridad o integridad f\u00edsica de cualquier persona del local (clientes, personal, etc.) as\u00ed como tambi\u00e9n bienes muebles e inmuebles, se solicitar\u00e1 el retiro del adulto responsable junto con su mascota de forma inmediata.&lt;\/p&gt;\\r\\n&lt;p&gt;5. Es de exclusiva responsabilidad del adulto responsable llevar sus propios elementos de aseo y recoger y limpiar los desechos de su mascota. Las mascotas que se encuentren en periodo de celo no podr\u00e1n ingresar al Concesionario Pet. Todos los aspectos higi\u00e9nicos, conductuales y sanitarios de las mascotas son de exclusiva responsabilidad de sus due\u00f1os y deben ser los necesarios para permitir el libre desplazamiento de otros clientes y personal del Concesionario.&lt;\/p&gt;\\r\\n&lt;p&gt;6. Ser\u00e1 de responsabilidad del due\u00f1o o del adulto responsable que circule con la mascota por el Concesionario Pet vigilar el comportamiento y sus condiciones. Por lo anterior, ser\u00e1n los \u00fanicos responsables por todos los perjuicios que eventualmente puedan ocasionar sus mascotas; peleas entre mascotas, lesiones o contagio de enfermedades y ser\u00e1 su responsabilidad indemnizar a quienes resulten afectados, liberando desde ya al Concesionario Pet y a Kia Chile de cualquier responsabilidad de dichos da\u00f1os y\/o perjuicios. Cualquier multa o condena en contra de Kia Chile, el propietario de la mascota queda obligado a reembolsar inmediatamente a Kia Chile los valores que \u00e9ste se vea obligado a pagar, m\u00e1s sus intereses moratorios.&lt;\/p&gt;\\r\\n&lt;p&gt;7. Se proh\u00edbe dejar mascotas al interior de los veh\u00edculos en los estacionamientos de nuestros Concesionarios. Si esto ocurriera se comunicar\u00e1 por llamado a viva voz al due\u00f1o del veh\u00edculo, quien tendr\u00e1 10 minutos para sacar a su mascota del auto, si es no ocurriera se dar\u00e1 aviso a carabineros para que proceda con el rescate de la mascota. Lo anterior debido al posible riesgo vital que puede ocasionar.&lt;\/p&gt;\\r\\n&lt;p&gt;8. Al ingresar a un Concesionario Pet con mascota, se asume que el due\u00f1o o el adulto responsable a cargo de la mascota conoce los reglamentos Petfriendly de Kia Chile y sus Concesionarios Pet, sin perjuicio de la comunicaci\u00f3n y publicidad de la presente norma.&lt;\/p&gt;\\r\\n&lt;p&gt;9. Seg\u00fan lo especificado en la ley de tenencia responsable que rige en Chile, cada due\u00f1o debe hacerse responsable en caso de alg\u00fan evento o comportamiento inesperado de su mascota, en Kia Chile nuestros Concesionarios Pet se rigen bajo la misma legislaci\u00f3n. Por lo tanto, es obligaci\u00f3n del due\u00f1o o adulto responsable dar \u00edntegro cumplimiento a esta normativa. Los perros catalogados como razas potencialmente peligrosas seg\u00fan la Ley N\u00b021.020 y el decreto N\u00b01.007 de 2018 del Ministerio del Interior y Seguridad P\u00fablica no podr\u00e1n acceder a los Concesionarios Pet. Estas son: Rottweiler, Doberman, Pitbull, Dogo Argentino, Bullmastiff, Fila Brasilero, Presa Canario, Presa Mallorqu\u00edn y Tosa Inu.&lt;\/p&gt;\\r\\n&lt;p&gt;10. Al ingresar con sus mascotas a un Concesionario Pet los due\u00f1os o adulto responsable al cuidado de la mascota liberan desde ya a Kia Chile y a sus Concesionarios Pet de toda responsabilidad por eventuales da\u00f1os o perjuicios que sus mascotas puedan ocasionar a los Concesionarios Pet, a sus clientes, trabajadores, otros animales, as\u00ed como tambi\u00e9n sobre sus bienes como mobiliario, infraestructura del local. Si se derivase cualquier responsabilidad civil, penal, administrativa, etc, por causa de la mascota los due\u00f1os o adulto responsable al cuidado de la mascota est\u00e1 obligado a reembolsar de forma inmediata al Concesionario Pet o a Kia Chile los valores que este se vea obligado a pagar, m\u00e1s sus intereses.&lt;\/p&gt;\\r\\n&quot;}}\"><p>\u00a0 \u00a0A partir del 13 de Febrero de 2023, los clientes Kia podr\u00e1n ingresar y circular con sus mascotas por los espacios comunes de los Concesionarios se\u00f1alizados con el logo KiaPet.<\/p><p>1. Al ingresar con su mascota a nuestros Concesionarios Pet el cliente asume los riesgos de da\u00f1os en las personas y cosas que pueda causar su mascota y todas las responsabilidades de su cuidado.<\/p><p>2. Se admiten un m\u00e1ximo de 2 mascotas por cada adulto responsable<\/p><p>3. Las mascotas deben portar al ingreso y durante toda su permanencia en el Concesionario Pet, collar o arn\u00e9s y correa que deber\u00e1 ser controlada en todo momento por el adulto responsable. Las mascotas no podr\u00e1n transitar libremente por el Concesionario Pet sin los elementos de sujeci\u00f3n indicados anteriormente, ello para evitar situaciones de peligro o incomodidad para los dem\u00e1s clientes o para la propia mascota. Las mascotas tampoco podr\u00e1n ser atadas a ning\u00fan objeto dentro del Concesionario Pet.<\/p><p>4. Cada Concesionario Pet se reserva el derecho de admisi\u00f3n de mascotas para resguardar la seguridad de todas las personas del local. De presentarse alg\u00fan caso que comprometa la seguridad o integridad f\u00edsica de cualquier persona del local (clientes, personal, etc.) as\u00ed como tambi\u00e9n bienes muebles e inmuebles, se solicitar\u00e1 el retiro del adulto responsable junto con su mascota de forma inmediata.<\/p><p>5. Es de exclusiva responsabilidad del adulto responsable llevar sus propios elementos de aseo y recoger y limpiar los desechos de su mascota. Las mascotas que se encuentren en periodo de celo no podr\u00e1n ingresar al Concesionario Pet. Todos los aspectos higi\u00e9nicos, conductuales y sanitarios de las mascotas son de exclusiva responsabilidad de sus due\u00f1os y deben ser los necesarios para permitir el libre desplazamiento de otros clientes y personal del Concesionario.<\/p><p>6. Ser\u00e1 de responsabilidad del due\u00f1o o del adulto responsable que circule con la mascota por el Concesionario Pet vigilar el comportamiento y sus condiciones. Por lo anterior, ser\u00e1n los \u00fanicos responsables por todos los perjuicios que eventualmente puedan ocasionar sus mascotas; peleas entre mascotas, lesiones o contagio de enfermedades y ser\u00e1 su responsabilidad indemnizar a quienes resulten afectados, liberando desde ya al Concesionario Pet y a Kia Chile de cualquier responsabilidad de dichos da\u00f1os y\/o perjuicios. Cualquier multa o condena en contra de Kia Chile, el propietario de la mascota queda obligado a reembolsar inmediatamente a Kia Chile los valores que \u00e9ste se vea obligado a pagar, m\u00e1s sus intereses moratorios.<\/p><p>7. Se proh\u00edbe dejar mascotas al interior de los veh\u00edculos en los estacionamientos de nuestros Concesionarios. Si esto ocurriera se comunicar\u00e1 por llamado a viva voz al due\u00f1o del veh\u00edculo, quien tendr\u00e1 10 minutos para sacar a su mascota del auto, si es no ocurriera se dar\u00e1 aviso a carabineros para que proceda con el rescate de la mascota. Lo anterior debido al posible riesgo vital que puede ocasionar.<\/p><p>8. Al ingresar a un Concesionario Pet con mascota, se asume que el due\u00f1o o el adulto responsable a cargo de la mascota conoce los reglamentos Petfriendly de Kia Chile y sus Concesionarios Pet, sin perjuicio de la comunicaci\u00f3n y publicidad de la presente norma.<\/p><p>9. Seg\u00fan lo especificado en la ley de tenencia responsable que rige en Chile, cada due\u00f1o debe hacerse responsable en caso de alg\u00fan evento o comportamiento inesperado de su mascota, en Kia Chile nuestros Concesionarios Pet se rigen bajo la misma legislaci\u00f3n. Por lo tanto, es obligaci\u00f3n del due\u00f1o o adulto responsable dar \u00edntegro cumplimiento a esta normativa. Los perros catalogados como razas potencialmente peligrosas seg\u00fan la Ley N\u00b021.020 y el decreto N\u00b01.007 de 2018 del Ministerio del Interior y Seguridad P\u00fablica no podr\u00e1n acceder a los Concesionarios Pet. Estas son: Rottweiler, Doberman, Pitbull, Dogo Argentino, Bullmastiff, Fila Brasilero, Presa Canario, Presa Mallorqu\u00edn y Tosa Inu.<\/p><p>10. Al ingresar con sus mascotas a un Concesionario Pet los due\u00f1os o adulto responsable al cuidado de la mascota liberan desde ya a Kia Chile y a sus Concesionarios Pet de toda responsabilidad por eventuales da\u00f1os o perjuicios que sus mascotas puedan ocasionar a los Concesionarios Pet, a sus clientes, trabajadores, otros animales, as\u00ed como tambi\u00e9n sobre sus bienes como mobiliario, infraestructura del local. Si se derivase cualquier responsabilidad civil, penal, administrativa, etc, por causa de la mascota los due\u00f1os o adulto responsable al cuidado de la mascota est\u00e1 obligado a reembolsar de forma inmediata al Concesionario Pet o a Kia Chile los valores que este se vea obligado a pagar, m\u00e1s sus intereses.<\/p><\/div><\/div>\t\t\t\t\t\t<\/div>\n\t\t\t\t<\/div>\n\t\t\t\t\t<\/div>\n\t\t\t\t<\/div>\n\t\t<div class=\"elementor-element elementor-element-1cdedd0 e-flex e-con-boxed e-con e-parent\" data-id=\"1cdedd0\" data-element_type=\"container\">\n\t\t\t\t\t<div class=\"e-con-inner\">\n\t\t\t\t<div class=\"elementor-element elementor-element-03c3863 elementor-widget elementor-widget-spacer\" data-id=\"03c3863\" data-element_type=\"widget\" data-widget_type=\"spacer.default\">\n\t\t\t\t<div class=\"elementor-widget-container\">\n\t\t\t\t\t<div class=\"elementor-spacer\">\n\t\t\t<div class=\"elementor-spacer-inner\"><\/div>\n\t\t<\/div>\n\t\t\t\t<\/div>\n\t\t\t\t<\/div>\n\t\t\t\t\t<\/div>\n\t\t\t\t<\/div>\n\t\t\t\t<\/div>\n\t\t","protected":false},"excerpt":{"rendered":"<p>Normas Pet Friendly Inspirar momentos \u00fanicos con tu compa\u00f1ero de viaje \u00a0\u00a0 \u00a0 \u00a0A partir del 13 de Febrero de [&hellip;]<\/p>\n","protected":false},"author":1,"featured_media":0,"parent":0,"menu_order":0,"comment_status":"closed","ping_status":"closed","template":"","meta":{"site-sidebar-layout":"no-sidebar","site-content-layout":"","ast-site-content-layout":"full-width-container","site-content-style":"default","site-sidebar-style":"default","ast-global-header-display":"","ast-banner-title-visibility":"","ast-main-header-display":"","ast-hfb-above-header-display":"","ast-hfb-below-header-display":"","ast-hfb-mobile-header-display":"","site-post-title":"disabled","ast-breadcrumbs-content":"","ast-featured-img":"disabled","footer-sml-layout":"","theme-transparent-header-meta":"","adv-header-id-meta":"","stick-header-meta":"","header-above-stick-meta":"","header-main-stick-meta":"","header-below-stick-meta":"","astra-migrate-meta-layouts":"default","ast-page-background-enabled":"default","ast-page-background-meta":{"desktop":{"background-color":"var(--ast-global-color-4)","background-image":"","background-repeat":"repeat","background-position":"center center","background-size":"auto","background-attachment":"scroll","background-type":"","background-media":"","overlay-type":"","overlay-color":"","overlay-opacity":"","overlay-gradient":""},"tablet":{"background-color":"","background-image":"","background-repeat":"repeat","background-position":"center center","background-size":"auto","background-attachment":"scroll","background-type":"","background-media":"","overlay-type":"","overlay-color":"","overlay-opacity":"","overlay-gradient":""},"mobile":{"background-color":"","background-image":"","background-repeat":"repeat","background-position":"center center","background-size":"auto","background-attachment":"scroll","background-type":"","background-media":"","overlay-type":"","overlay-color":"","overlay-opacity":"","overlay-gradient":""}},"ast-content-background-meta":{"desktop":{"background-color":"var(--ast-global-color-5)","background-image":"","background-repeat":"repeat","background-position":"center center","background-size":"auto","background-attachment":"scroll","background-type":"","background-media":"","overlay-type":"","overlay-color":"","overlay-opacity":"","overlay-gradient":""},"tablet":{"background-color":"var(--ast-global-color-5)","background-image":"","background-repeat":"repeat","background-position":"center center","background-size":"auto","background-attachment":"scroll","background-type":"","background-media":"","overlay-type":"","overlay-color":"","overlay-opacity":"","overlay-gradient":""},"mobile":{"background-color":"var(--ast-global-color-5)","background-image":"","background-repeat":"repeat","background-position":"center center","background-size":"auto","background-attachment":"scroll","background-type":"","background-media":"","overlay-type":"","overlay-color":"","overlay-opacity":"","overlay-gradient":""}},"footnotes":""},"class_list":["post-976","page","type-page","status-publish","hentry"],"_links":{"self":[{"href":"https:\/\/www.automotrizcopelec.cl\/index.php\/wp-json\/wp\/v2\/pages\/976","targetHints":{"allow":["GET"]}}],"collection":[{"href":"https:\/\/www.automotrizcopelec.cl\/index.php\/wp-json\/wp\/v2\/pages"}],"about":[{"href":"https:\/\/www.automotrizcopelec.cl\/index.php\/wp-json\/wp\/v2\/types\/page"}],"author":[{"embeddable":true,"href":"https:\/\/www.automotrizcopelec.cl\/index.php\/wp-json\/wp\/v2\/users\/1"}],"replies":[{"embeddable":true,"href":"https:\/\/www.automotrizcopelec.cl\/index.php\/wp-json\/wp\/v2\/comments?post=976"}],"version-history":[{"count":14,"href":"https:\/\/www.automotrizcopelec.cl\/index.php\/wp-json\/wp\/v2\/pages\/976\/revisions"}],"predecessor-version":[{"id":1135,"href":"https:\/\/www.automotrizcopelec.cl\/index.php\/wp-json\/wp\/v2\/pages\/976\/revisions\/1135"}],"wp:attachment":[{"href":"https:\/\/www.automotrizcopelec.cl\/index.php\/wp-json\/wp\/v2\/media?parent=976"}],"curies":[{"name":"wp","href":"https:\/\/api.w.org\/{rel}","templated":true}]}}