{"id":985,"date":"2024-11-04T20:31:01","date_gmt":"2024-11-04T19:31:01","guid":{"rendered":"https:\/\/www.automotrizcopelec.cl\/?page_id=985"},"modified":"2024-11-05T00:41:10","modified_gmt":"2024-11-04T23:41:10","slug":"derecho-legal-de-retracto","status":"publish","type":"page","link":"https:\/\/www.automotrizcopelec.cl\/index.php\/derecho-legal-de-retracto\/","title":{"rendered":"Derecho Legal de Retracto"},"content":{"rendered":"\t\t<div data-elementor-type=\"wp-page\" data-elementor-id=\"985\" class=\"elementor elementor-985\" data-elementor-post-type=\"page\">\n\t\t\t\t<div class=\"elementor-element elementor-element-378a527 e-flex e-con-boxed e-con e-parent\" data-id=\"378a527\" data-element_type=\"container\">\n\t\t\t\t\t<div class=\"e-con-inner\">\n\t\t<div class=\"elementor-element elementor-element-380e193 e-con-full e-flex e-con e-child\" data-id=\"380e193\" data-element_type=\"container\">\n\t\t\t\t<div class=\"elementor-element elementor-element-c06cf0b elementor-view-default elementor-widget elementor-widget-icon\" data-id=\"c06cf0b\" data-element_type=\"widget\" data-widget_type=\"icon.default\">\n\t\t\t\t<div class=\"elementor-widget-container\">\n\t\t\t\t\t<div class=\"elementor-icon-wrapper\">\n\t\t\t<div class=\"elementor-icon\">\n\t\t\t<svg xmlns:dc=\"http:\/\/purl.org\/dc\/elements\/1.1\/\" xmlns:cc=\"http:\/\/creativecommons.org\/ns#\" xmlns:rdf=\"http:\/\/www.w3.org\/1999\/02\/22-rdf-syntax-ns#\" xmlns:svg=\"http:\/\/www.w3.org\/2000\/svg\" xmlns=\"http:\/\/www.w3.org\/2000\/svg\" xmlns:sodipodi=\"http:\/\/sodipodi.sourceforge.net\/DTD\/sodipodi-0.dtd\" xmlns:inkscape=\"http:\/\/www.inkscape.org\/namespaces\/inkscape\" width=\"19.672209\" height=\"17.5\" viewBox=\"0 0 19.672209 17.5\" id=\"svg2\" inkscape:version=\"0.92.2 (5c3e80d, 2017-08-06)\" sodipodi:docname=\"OOjs_UI_icon_alert_destructive-tbf-2.svg\"><metadata><\/metadata><defs id=\"defs10\"><\/defs><g id=\"alert\" transform=\"translate(-2.1798954,-3.5)\"><path id=\"point\" d=\"m 11,16 h 2 v 2 h -2 z\" style=\"fill:#000000;fill-opacity:1\" inkscape:connector-curvature=\"0\"><\/path><path id=\"stroke\" d=\"m 13.516,10 h -3 L 11,15 h 2 z\" style=\"fill:#000000;fill-opacity:1\" inkscape:connector-curvature=\"0\"><\/path><path id=\"triangle\" d=\"M 12.017,5.974 19.536,19 H 4.496 L 12.017,5.974 m 0,-2.474 c -0.544,0 -1.088,0.357 -1.5,1.071 L 2.532,18.402 C 1.707,19.831 2.382,21 4.032,21 H 20 c 1.65,0 2.325,-1.169 1.5,-2.599 L 13.517,4.572 C 13.104,3.857 12.561,3.5 12.017,3.5 Z\" style=\"fill:#dd3333;fill-opacity:1\" inkscape:connector-curvature=\"0\"><\/path><\/g><\/svg>\t\t\t<\/div>\n\t\t<\/div>\n\t\t\t\t<\/div>\n\t\t\t\t<\/div>\n\t\t\t\t<\/div>\n\t\t<div class=\"elementor-element elementor-element-940d5d4 e-con-full e-flex e-con e-child\" data-id=\"940d5d4\" data-element_type=\"container\">\n\t\t\t\t<div class=\"elementor-element elementor-element-d63059c elementor-widget elementor-widget-heading\" data-id=\"d63059c\" data-element_type=\"widget\" data-widget_type=\"heading.default\">\n\t\t\t\t<div class=\"elementor-widget-container\">\n\t\t\t<h2 class=\"elementor-heading-title elementor-size-default\">DERECHO LEGAL DE RETRACTO<\/h2>\t\t<\/div>\n\t\t\t\t<\/div>\n\t\t\t\t<div class=\"elementor-element elementor-element-cb10993 elementor-widget elementor-widget-text-editor\" data-id=\"cb10993\" data-element_type=\"widget\" data-widget_type=\"text-editor.default\">\n\t\t\t\t<div class=\"elementor-widget-container\">\n\t\t\t\t\t\t\t<p>Es la facultad que tiene el consumidor para poner t\u00e9rmino al contrato de compraventa, sin expresi\u00f3n de causa.<\/p>\t\t\t\t\t\t<\/div>\n\t\t\t\t<\/div>\n\t\t\t\t<\/div>\n\t\t\t\t\t<\/div>\n\t\t\t\t<\/div>\n\t\t<div class=\"elementor-element elementor-element-4979414 e-flex e-con-boxed e-con e-parent\" data-id=\"4979414\" data-element_type=\"container\">\n\t\t\t\t\t<div class=\"e-con-inner\">\n\t\t<div class=\"elementor-element elementor-element-117383e e-con-full e-flex e-con e-child\" data-id=\"117383e\" data-element_type=\"container\">\n\t\t\t\t<div class=\"elementor-element elementor-element-3cc3669 elementor-widget elementor-widget-text-editor\" data-id=\"3cc3669\" data-element_type=\"widget\" data-widget_type=\"text-editor.default\">\n\t\t\t\t<div class=\"elementor-widget-container\">\n\t\t\t\t\t\t\t<p style=\"text-align: center;\"><strong>GARANT\u00cdA LEGAL:<\/strong> Es el derecho irrenunciable que tiene un consumidor al comprar un veh\u00edculo nuevo a optar, cuando \u00e9ste resulta defectuoso, entre su <strong>reparaci\u00f3n gratuita<\/strong> o, previa restituci\u00f3n, su <strong>reposici\u00f3n<\/strong> o la <strong>devoluci\u00f3n<\/strong> de la cantidad pagada por el mismo.<\/p>\t\t\t\t\t\t<\/div>\n\t\t\t\t<\/div>\n\t\t\t\t<\/div>\n\t\t\t\t\t<\/div>\n\t\t\t\t<\/div>\n\t\t<div class=\"elementor-element elementor-element-605cccb e-flex e-con-boxed e-con e-parent\" data-id=\"605cccb\" data-element_type=\"container\">\n\t\t\t\t\t<div class=\"e-con-inner\">\n\t\t<div class=\"elementor-element elementor-element-a8cc990 e-con-full e-flex e-con e-child\" data-id=\"a8cc990\" data-element_type=\"container\">\n\t\t\t\t<div class=\"elementor-element elementor-element-f8a47a6 elementor-widget elementor-widget-text-editor\" data-id=\"f8a47a6\" data-element_type=\"widget\" data-widget_type=\"text-editor.default\">\n\t\t\t\t<div class=\"elementor-widget-container\">\n\t\t\t\t\t\t\t<p style=\"text-align: center;\"><strong>GARANT\u00cdA VOLUNTARIA O CONTRACTUAL:<\/strong> Es aquella que voluntariamente la marca otorga a sus clientes sobre fallas que puedan afectar a un veh\u00edculo nuevo; para ello el concesionario deber\u00e1, antes de perfeccionarse la compraventa o arrendamiento con opci\u00f3n de compra, informar <strong>aquellas exigencias obligatorias justificadas<\/strong> para mantener vigente la garant\u00eda voluntaria. Deber\u00e1 incluir una <strong>lista de todas las mantenciones con sus valores<\/strong> estimados e incluir una <strong>n\u00f3mina de talleres autorizados<\/strong> para realizarlas.<\/p>\t\t\t\t\t\t<\/div>\n\t\t\t\t<\/div>\n\t\t\t\t<\/div>\n\t\t\t\t\t<\/div>\n\t\t\t\t<\/div>\n\t\t<div class=\"elementor-element elementor-element-4565b96 e-flex e-con-boxed e-con e-parent\" data-id=\"4565b96\" data-element_type=\"container\">\n\t\t\t\t\t<div class=\"e-con-inner\">\n\t\t\t\t<div class=\"elementor-element elementor-element-e777669 elementor-widget elementor-widget-image\" data-id=\"e777669\" data-element_type=\"widget\" data-widget_type=\"image.default\">\n\t\t\t\t<div class=\"elementor-widget-container\">\n\t\t\t\t\t\t\t\t\t\t\t\t\t<img fetchpriority=\"high\" decoding=\"async\" width=\"612\" height=\"253\" src=\"https:\/\/www.automotrizcopelec.cl\/wp-content\/uploads\/2024\/11\/autos.png\" class=\"attachment-full size-full wp-image-1021\" alt=\"\" srcset=\"https:\/\/www.automotrizcopelec.cl\/wp-content\/uploads\/2024\/11\/autos.png 612w, https:\/\/www.automotrizcopelec.cl\/wp-content\/uploads\/2024\/11\/autos-300x124.png 300w\" sizes=\"(max-width: 612px) 100vw, 612px\" \/>\t\t\t\t\t\t\t\t\t\t\t\t\t<\/div>\n\t\t\t\t<\/div>\n\t\t\t\t\t<\/div>\n\t\t\t\t<\/div>\n\t\t\t\t<\/div>\n\t\t","protected":false},"excerpt":{"rendered":"<p>DERECHO LEGAL DE RETRACTO Es la facultad que tiene el consumidor para poner t\u00e9rmino al contrato de compraventa, sin expresi\u00f3n [&hellip;]<\/p>\n","protected":false},"author":1,"featured_media":0,"parent":0,"menu_order":0,"comment_status":"closed","ping_status":"closed","template":"","meta":{"site-sidebar-layout":"no-sidebar","site-content-layout":"","ast-site-content-layout":"full-width-container","site-content-style":"default","site-sidebar-style":"default","ast-global-header-display":"","ast-banner-title-visibility":"","ast-main-header-display":"","ast-hfb-above-header-display":"","ast-hfb-below-header-display":"","ast-hfb-mobile-header-display":"","site-post-title":"disabled","ast-breadcrumbs-content":"","ast-featured-img":"disabled","footer-sml-layout":"","theme-transparent-header-meta":"","adv-header-id-meta":"","stick-header-meta":"","header-above-stick-meta":"","header-main-stick-meta":"","header-below-stick-meta":"","astra-migrate-meta-layouts":"default","ast-page-background-enabled":"default","ast-page-background-meta":{"desktop":{"background-color":"var(--ast-global-color-4)","background-image":"","background-repeat":"repeat","background-position":"center center","background-size":"auto","background-attachment":"scroll","background-type":"","background-media":"","overlay-type":"","overlay-color":"","overlay-opacity":"","overlay-gradient":""},"tablet":{"background-color":"","background-image":"","background-repeat":"repeat","background-position":"center center","background-size":"auto","background-attachment":"scroll","background-type":"","background-media":"","overlay-type":"","overlay-color":"","overlay-opacity":"","overlay-gradient":""},"mobile":{"background-color":"","background-image":"","background-repeat":"repeat","background-position":"center center","background-size":"auto","background-attachment":"scroll","background-type":"","background-media":"","overlay-type":"","overlay-color":"","overlay-opacity":"","overlay-gradient":""}},"ast-content-background-meta":{"desktop":{"background-color":"var(--ast-global-color-5)","background-image":"","background-repeat":"repeat","background-position":"center center","background-size":"auto","background-attachment":"scroll","background-type":"","background-media":"","overlay-type":"","overlay-color":"","overlay-opacity":"","overlay-gradient":""},"tablet":{"background-color":"var(--ast-global-color-5)","background-image":"","background-repeat":"repeat","background-position":"center center","background-size":"auto","background-attachment":"scroll","background-type":"","background-media":"","overlay-type":"","overlay-color":"","overlay-opacity":"","overlay-gradient":""},"mobile":{"background-color":"var(--ast-global-color-5)","background-image":"","background-repeat":"repeat","background-position":"center center","background-size":"auto","background-attachment":"scroll","background-type":"","background-media":"","overlay-type":"","overlay-color":"","overlay-opacity":"","overlay-gradient":""}},"footnotes":""},"class_list":["post-985","page","type-page","status-publish","hentry"],"_links":{"self":[{"href":"https:\/\/www.automotrizcopelec.cl\/index.php\/wp-json\/wp\/v2\/pages\/985","targetHints":{"allow":["GET"]}}],"collection":[{"href":"https:\/\/www.automotrizcopelec.cl\/index.php\/wp-json\/wp\/v2\/pages"}],"about":[{"href":"https:\/\/www.automotrizcopelec.cl\/index.php\/wp-json\/wp\/v2\/types\/page"}],"author":[{"embeddable":true,"href":"https:\/\/www.automotrizcopelec.cl\/index.php\/wp-json\/wp\/v2\/users\/1"}],"replies":[{"embeddable":true,"href":"https:\/\/www.automotrizcopelec.cl\/index.php\/wp-json\/wp\/v2\/comments?post=985"}],"version-history":[{"count":53,"href":"https:\/\/www.automotrizcopelec.cl\/index.php\/wp-json\/wp\/v2\/pages\/985\/revisions"}],"predecessor-version":[{"id":1047,"href":"https:\/\/www.automotrizcopelec.cl\/index.php\/wp-json\/wp\/v2\/pages\/985\/revisions\/1047"}],"wp:attachment":[{"href":"https:\/\/www.automotrizcopelec.cl\/index.php\/wp-json\/wp\/v2\/media?parent=985"}],"curies":[{"name":"wp","href":"https:\/\/api.w.org\/{rel}","templated":true}]}}